{"id":51,"date":"2017-05-10T20:04:22","date_gmt":"2017-05-10T20:04:22","guid":{"rendered":"https:\/\/krissuarts.com\/?page_id=51"},"modified":"2017-06-23T12:48:12","modified_gmt":"2017-06-23T12:48:12","slug":"d-i-y","status":"publish","type":"page","link":"https:\/\/krissuarts.com\/index.php\/d-i-y\/","title":{"rendered":"Crafts"},"content":{"rendered":"<p>Ma kohe kuidagi ei suuda niisama istuda. Meisterdamine on mu hinges \u00fcks osa, milleta ma ei oska olla. M\u00f5ned s\u00f5brad teavad, et ma v\u00f5in kommipaberitest, paberiribedest, puidust v\u00f5i millest iganes midagi kaunust v\u00e4lja v\u00f5luda. Minu lemmik lehek\u00fclg internetis on Pinterest.com. Sealt olen leidnud v\u00e4ga palju inspiratsiooni. K\u00f5ike tahaks ju j\u00e4rele proovida ja oma &#8220;tatshi&#8221; juurde panna<\/p>\n<p>Sellele lehele postitan enda tehtud erinevaid k\u00e4sit\u00f6\u00f6 asju erinevatel teemadel: Kudumine, heegeldamine, paberist k\u00e4sit\u00f6\u00f6 jms. Osadele asjadele lisan ka sam-sammult \u00f5petused kuidas ma saadud tulemusteni j\u00f5udsin, et saaksite ka ise j\u00e4rele proovida.<img decoding=\"async\" loading=\"lazy\" class=\"attachment-266x266 size-266x266 aligncenter\" src=\"https:\/\/krissuarts.com\/wp-content\/uploads\/2017\/05\/craft-1.jpg\" sizes=\"(max-width: 266px) 100vw, 266px\" srcset=\"https:\/\/krissuarts.com\/wp-content\/uploads\/2017\/05\/craft-1.jpg 2812w, https:\/\/krissuarts.com\/wp-content\/uploads\/2017\/05\/craft-1-300x219.jpg 300w, https:\/\/krissuarts.com\/wp-content\/uploads\/2017\/05\/craft-1-768x562.jpg 768w, https:\/\/krissuarts.com\/wp-content\/uploads\/2017\/05\/craft-1-1024x749.jpg 1024w\" alt=\"\" width=\"266\" height=\"194\" \/><\/p>\n<p>&nbsp;<\/p>\n","protected":false},"excerpt":{"rendered":"<p>Ma kohe kuidagi ei suuda niisama istuda. Meisterdamine on mu hinges \u00fcks osa, milleta ma ei oska olla. M\u00f5ned s\u00f5brad teavad, et ma v\u00f5in kommipaberitest, paberiribedest, puidust v\u00f5i millest iganes midagi kaunust v\u00e4lja v\u00f5luda. Minu lemmik lehek\u00fclg internetis on Pinterest.com. Sealt olen leidnud v\u00e4ga palju inspiratsiooni. K\u00f5ike tahaks ju j\u00e4rele proovida ja oma &#8220;tatshi&#8221; juurde &hellip;<\/p>\n<p class=\"read-more\"> <a class=\"\" href=\"https:\/\/krissuarts.com\/index.php\/d-i-y\/\"> <span class=\"screen-reader-text\">Crafts<\/span> Read More &raquo;<\/a><\/p>\n","protected":false},"author":1,"featured_media":0,"parent":0,"menu_order":0,"comment_status":"closed","ping_status":"closed","template":"","meta":{"site-sidebar-layout":"default","site-content-layout":"","ast-site-content-layout":"","site-content-style":"default","site-sidebar-style":"default","ast-global-header-display":"","ast-banner-title-visibility":"","ast-main-header-display":"","ast-hfb-above-header-display":"","ast-hfb-below-header-display":"","ast-hfb-mobile-header-display":"","site-post-title":"","ast-breadcrumbs-content":"","ast-featured-img":"","footer-sml-layout":"","theme-transparent-header-meta":"","adv-header-id-meta":"","stick-header-meta":"","header-above-stick-meta":"","header-main-stick-meta":"","header-below-stick-meta":"","astra-migrate-meta-layouts":""},"yoast_head":"<!-- This site is optimized with the Yoast SEO plugin v21.3 - https:\/\/yoast.com\/wordpress\/plugins\/seo\/ -->\n<title>Crafts - KriSSu BlogI<\/title>\n<meta name=\"robots\" content=\"index, follow, max-snippet:-1, max-image-preview:large, max-video-preview:-1\" \/>\n<link rel=\"canonical\" href=\"https:\/\/krissuarts.com\/index.php\/d-i-y\/\" \/>\n<meta property=\"og:locale\" content=\"en_US\" \/>\n<meta property=\"og:type\" content=\"article\" \/>\n<meta property=\"og:title\" content=\"Crafts - KriSSu BlogI\" \/>\n<meta property=\"og:description\" content=\"Ma kohe kuidagi ei suuda niisama istuda. Meisterdamine on mu hinges \u00fcks osa, milleta ma ei oska olla. M\u00f5ned s\u00f5brad teavad, et ma v\u00f5in kommipaberitest, paberiribedest, puidust v\u00f5i millest iganes midagi kaunust v\u00e4lja v\u00f5luda. Minu lemmik lehek\u00fclg internetis on Pinterest.com. Sealt olen leidnud v\u00e4ga palju inspiratsiooni. K\u00f5ike tahaks ju j\u00e4rele proovida ja oma &#8220;tatshi&#8221; juurde &hellip; Crafts Read More &raquo;\" \/>\n<meta property=\"og:url\" content=\"https:\/\/krissuarts.com\/index.php\/d-i-y\/\" \/>\n<meta property=\"og:site_name\" content=\"KriSSu BlogI\" \/>\n<meta property=\"article:modified_time\" content=\"2017-06-23T12:48:12+00:00\" \/>\n<meta property=\"og:image\" content=\"https:\/\/krissuarts.com\/wp-content\/uploads\/2017\/05\/craft-1.jpg\" \/>\n<meta name=\"twitter:card\" content=\"summary_large_image\" \/>\n<meta name=\"twitter:label1\" content=\"Est. reading time\" \/>\n\t<meta name=\"twitter:data1\" content=\"1 minute\" \/>\n<script type=\"application\/ld+json\" class=\"yoast-schema-graph\">{\"@context\":\"https:\/\/schema.org\",\"@graph\":[{\"@type\":\"WebPage\",\"@id\":\"https:\/\/krissuarts.com\/index.php\/d-i-y\/\",\"url\":\"https:\/\/krissuarts.com\/index.php\/d-i-y\/\",\"name\":\"Crafts - KriSSu BlogI\",\"isPartOf\":{\"@id\":\"https:\/\/krissuarts.com\/#website\"},\"datePublished\":\"2017-05-10T20:04:22+00:00\",\"dateModified\":\"2017-06-23T12:48:12+00:00\",\"breadcrumb\":{\"@id\":\"https:\/\/krissuarts.com\/index.php\/d-i-y\/#breadcrumb\"},\"inLanguage\":\"en-US\",\"potentialAction\":[{\"@type\":\"ReadAction\",\"target\":[\"https:\/\/krissuarts.com\/index.php\/d-i-y\/\"]}]},{\"@type\":\"BreadcrumbList\",\"@id\":\"https:\/\/krissuarts.com\/index.php\/d-i-y\/#breadcrumb\",\"itemListElement\":[{\"@type\":\"ListItem\",\"position\":1,\"name\":\"Home\",\"item\":\"https:\/\/krissuarts.com\/\"},{\"@type\":\"ListItem\",\"position\":2,\"name\":\"Crafts\"}]},{\"@type\":\"WebSite\",\"@id\":\"https:\/\/krissuarts.com\/#website\",\"url\":\"https:\/\/krissuarts.com\/\",\"name\":\"KriSSu BlogI\",\"description\":\"\",\"potentialAction\":[{\"@type\":\"SearchAction\",\"target\":{\"@type\":\"EntryPoint\",\"urlTemplate\":\"https:\/\/krissuarts.com\/?s={search_term_string}\"},\"query-input\":\"required name=search_term_string\"}],\"inLanguage\":\"en-US\"}]}<\/script>\n<!-- \/ Yoast SEO plugin. -->","yoast_head_json":{"title":"Crafts - KriSSu BlogI","robots":{"index":"index","follow":"follow","max-snippet":"max-snippet:-1","max-image-preview":"max-image-preview:large","max-video-preview":"max-video-preview:-1"},"canonical":"https:\/\/krissuarts.com\/index.php\/d-i-y\/","og_locale":"en_US","og_type":"article","og_title":"Crafts - KriSSu BlogI","og_description":"Ma kohe kuidagi ei suuda niisama istuda. Meisterdamine on mu hinges \u00fcks osa, milleta ma ei oska olla. M\u00f5ned s\u00f5brad teavad, et ma v\u00f5in kommipaberitest, paberiribedest, puidust v\u00f5i millest iganes midagi kaunust v\u00e4lja v\u00f5luda. Minu lemmik lehek\u00fclg internetis on Pinterest.com. Sealt olen leidnud v\u00e4ga palju inspiratsiooni. K\u00f5ike tahaks ju j\u00e4rele proovida ja oma &#8220;tatshi&#8221; juurde &hellip; Crafts Read More &raquo;","og_url":"https:\/\/krissuarts.com\/index.php\/d-i-y\/","og_site_name":"KriSSu BlogI","article_modified_time":"2017-06-23T12:48:12+00:00","og_image":[{"url":"https:\/\/krissuarts.com\/wp-content\/uploads\/2017\/05\/craft-1.jpg"}],"twitter_card":"summary_large_image","twitter_misc":{"Est. reading time":"1 minute"},"schema":{"@context":"https:\/\/schema.org","@graph":[{"@type":"WebPage","@id":"https:\/\/krissuarts.com\/index.php\/d-i-y\/","url":"https:\/\/krissuarts.com\/index.php\/d-i-y\/","name":"Crafts - KriSSu BlogI","isPartOf":{"@id":"https:\/\/krissuarts.com\/#website"},"datePublished":"2017-05-10T20:04:22+00:00","dateModified":"2017-06-23T12:48:12+00:00","breadcrumb":{"@id":"https:\/\/krissuarts.com\/index.php\/d-i-y\/#breadcrumb"},"inLanguage":"en-US","potentialAction":[{"@type":"ReadAction","target":["https:\/\/krissuarts.com\/index.php\/d-i-y\/"]}]},{"@type":"BreadcrumbList","@id":"https:\/\/krissuarts.com\/index.php\/d-i-y\/#breadcrumb","itemListElement":[{"@type":"ListItem","position":1,"name":"Home","item":"https:\/\/krissuarts.com\/"},{"@type":"ListItem","position":2,"name":"Crafts"}]},{"@type":"WebSite","@id":"https:\/\/krissuarts.com\/#website","url":"https:\/\/krissuarts.com\/","name":"KriSSu BlogI","description":"","potentialAction":[{"@type":"SearchAction","target":{"@type":"EntryPoint","urlTemplate":"https:\/\/krissuarts.com\/?s={search_term_string}"},"query-input":"required name=search_term_string"}],"inLanguage":"en-US"}]}},"_links":{"self":[{"href":"https:\/\/krissuarts.com\/index.php\/wp-json\/wp\/v2\/pages\/51"}],"collection":[{"href":"https:\/\/krissuarts.com\/index.php\/wp-json\/wp\/v2\/pages"}],"about":[{"href":"https:\/\/krissuarts.com\/index.php\/wp-json\/wp\/v2\/types\/page"}],"author":[{"embeddable":true,"href":"https:\/\/krissuarts.com\/index.php\/wp-json\/wp\/v2\/users\/1"}],"replies":[{"embeddable":true,"href":"https:\/\/krissuarts.com\/index.php\/wp-json\/wp\/v2\/comments?post=51"}],"version-history":[{"count":5,"href":"https:\/\/krissuarts.com\/index.php\/wp-json\/wp\/v2\/pages\/51\/revisions"}],"predecessor-version":[{"id":195,"href":"https:\/\/krissuarts.com\/index.php\/wp-json\/wp\/v2\/pages\/51\/revisions\/195"}],"wp:attachment":[{"href":"https:\/\/krissuarts.com\/index.php\/wp-json\/wp\/v2\/media?parent=51"}],"curies":[{"name":"wp","href":"https:\/\/api.w.org\/{rel}","templated":true}]}}