{"id":2,"date":"2017-05-07T14:28:38","date_gmt":"2017-05-07T14:28:38","guid":{"rendered":"https:\/\/krissuarts.com\/?page_id=2"},"modified":"2017-09-26T08:22:27","modified_gmt":"2017-09-26T08:22:27","slug":"me","status":"publish","type":"page","link":"https:\/\/krissuarts.com\/index.php\/me\/","title":{"rendered":"Mina"},"content":{"rendered":"\t\t<div data-elementor-type=\"wp-page\" data-elementor-id=\"2\" class=\"elementor elementor-2 elementor-bc-flex-widget\">\n\t\t\t\t\t\t\t\t\t<section class=\"elementor-section elementor-top-section elementor-element elementor-element-lfrp2br elementor-section-boxed elementor-section-height-default elementor-section-height-default\" data-id=\"lfrp2br\" data-element_type=\"section\">\n\t\t\t\t\t\t<div class=\"elementor-container elementor-column-gap-default\">\n\t\t\t\t\t<div class=\"elementor-column elementor-col-50 elementor-top-column elementor-element elementor-element-l1wdfur\" data-id=\"l1wdfur\" data-element_type=\"column\">\n\t\t\t<div class=\"elementor-widget-wrap elementor-element-populated\">\n\t\t\t\t\t\t\t\t<div class=\"elementor-element elementor-element-czdk4bl elementor-widget elementor-widget-image\" data-id=\"czdk4bl\" data-element_type=\"widget\" data-widget_type=\"image.default\">\n\t\t\t\t<div class=\"elementor-widget-container\">\n\t\t\t\t\t\t\t\t\t\t\t\t\t\t\t<img decoding=\"async\" width=\"200\" height=\"200\" src=\"https:\/\/krissuarts.com\/wp-content\/uploads\/2017\/05\/PicMonkeyml\u00e4-ml-Collage.png\" class=\"attachment-medium size-medium wp-image-492\" alt=\"\" loading=\"lazy\" srcset=\"https:\/\/krissuarts.com\/wp-content\/uploads\/2017\/05\/PicMonkeyml\u00e4-ml-Collage.png 200w, https:\/\/krissuarts.com\/wp-content\/uploads\/2017\/05\/PicMonkeyml\u00e4-ml-Collage-150x150.png 150w\" sizes=\"(max-width: 200px) 100vw, 200px\" \/>\t\t\t\t\t\t\t\t\t\t\t\t\t\t\t<\/div>\n\t\t\t\t<\/div>\n\t\t\t\t<div class=\"elementor-element elementor-element-5wq4m0m elementor-widget elementor-widget-text-editor\" data-id=\"5wq4m0m\" data-element_type=\"widget\" data-widget_type=\"text-editor.default\">\n\t\t\t\t<div class=\"elementor-widget-container\">\n\t\t\t\t\t\t\t<p><span style=\"color: #993366;\">Minu lemmik aastaaeg on s\u00fcgis. Oma v\u00e4rvide iluga suudab see aastaaeg tuua minusse r\u00f5\u00f5mu ja rahu. Sama v\u00f5in \u00f6elda ka k\u00fc\u00fcnlaleegi v\u00f5i t\u00e4histaeva vaatamise kohta.<\/span><\/p><p><span style=\"color: #993366;\">Tunnen suurt r\u00f5\u00f5mu pisikestest asjadest, mida paljud peaksid t\u00e4htsusetuteks. Vahel v\u00f5ib selleks olla kingituse paber, v\u00f5i eriliselt seotud takun\u00f6\u00f6r selle \u00fcmber. Mulle meeldib tuua r\u00f5\u00f5mu ja \u00f5nne nende inimeste eludesse, kes mulle t\u00f5eliselt korda l\u00e4hevad, \u00fcllatades neid millegi toredaga. Pisikesed \u00fcllatused on \u00fcks minu<\/span><br \/><span style=\"color: #993366;\">armastuse keeltest. \u00dcllatuste tegemisega avaldan eelk\u00f5ige oma tundeid neile, keda hindan, austan ja armastan.<\/span><\/p><p><span style=\"color: #993366;\">\u00dcks mu h\u00fc\u00fcdnimedest on S\u00f5ja Printsess Krissu, sest oma tundliku natuuri t\u00f5ttu v\u00f5in olla kergesti haavatav aga teisest k\u00fcljest \u00f6eldakse, et minust kiirgab tugevust, mis tekitab kindlustunde\u00a0<\/span><span style=\"color: #993366;\">ka teistes.<\/span><\/p><p><span style=\"color: #993366;\">Kindlasti olen emotsionaalne ja empaatiline inimene. Aga alati ei ole see hea, sest sageli avastan ennast \u00fcle reageerimas olukordade \u00fcle, mis tegelikult ei ole nii hullud, kui esmapilgul tundusid. Empaatia t\u00f5ttu on mul lihtne teisi m\u00f5ista ja end nende olukorras ette kujutada ning see m\u00f5jutab tihti emotsionaalselt ka mind ennast. Minu tundelisele ja emotsionaalsele natuurile vaatamata suudan kriisi olukorras s\u00e4ilitada k\u00fclma n\u00e4rvi ja teiste t\u00f6\u00f6d juhtida. Neid rahustada ja \u201etugev\u201d olla. Kui pingeline olukord on m\u00f6\u00f6das, varisen tavaliselt nuttes voodile, et siis endast see pinge v\u00e4lja nutta.<\/span><\/p><p><span style=\"color: #993366;\">Mulle ei meeldi konfliktid ja t\u00fclid. Probleemide lahendamisel proovin olukordi hinnata v\u00f5imalikult objektiivselt. Mulle meeldib ausalt r\u00e4\u00e4kida asjadest, mis mulle haiget teevad, v\u00f5i mis mind r\u00f5\u00f5mustavad. Minu ausus m\u00f5jub inimestele usaldusv\u00e4\u00e4rsena ja tihti \u00f6eldakse, et m\u00f5jun seltskonnas uutele inimestele soojalt vastu v\u00f5tvana ja grupi liitvana. Ise ma sellest aru ei saa,<\/span><br \/><span style=\"color: #993366;\">aga seda on mulle palju \u00f6eldud.<\/span><\/p><p><span style=\"color: #993366;\">Olen \u00fcsna enesekindel ja mul puuduvad kompleksid, mis h\u00e4iriksid mu igap\u00e4eva elu. Ma ei \u00fctleks, et mul komplekse \u00fcldse ei ole, aga need lihtsalt ei m\u00f5juta mind nii palju. Minu enesekindlus ja t\u00f5sine olek on tekitanud inimestes kes mind ei tea ettekujutuse, et olen kuri v\u00f5i isegi \u00fclbe. Aga nii see tegelikult ei ole. Ma ei salli \u00fclekohut ja n\u00f5rgematele liiga tegemist. Need on asjad, mis mind sisemiselt t\u00f5eliselt kurjaks ajavad.<\/span><\/p><p><span style=\"color: #993366;\">Mulle ei meeldi anda t\u00fchje lubadusi ja asju pooleli j\u00e4tta. \u00dcksk\u00f5ik kui lootusetu v\u00f5i raske olukord tundub, olen alustatud asjad alati l\u00f5pule viinud. T\u00e4psus, kord ja detailid on minu jaoks olulised. Mulle ei meeldi hilineda ja see on omadus, mida ma teiste juures ka hindan.<\/span><\/p><p><span style=\"color: #993366;\">Ma olen piisavalt lapsemeelne, et kui seltskond on turvaline, siis saab palju nalja ja igav minuga ei hakka. Kuid vahel v\u00f5in olla seltskonnas ka t\u00e4iesti vaikselt, aga enamasti ei t\u00e4henda see seda, et mul igav oleks. Mulle meeldib inimesi ja olukordi k\u00f5rvaltvaatajana j\u00e4lgida.<\/span><\/p><p>\u00a0<\/p>\t\t\t\t\t\t<\/div>\n\t\t\t\t<\/div>\n\t\t\t\t\t<\/div>\n\t\t<\/div>\n\t\t\t\t<div class=\"elementor-column elementor-col-50 elementor-top-column elementor-element elementor-element-h57pkjs\" data-id=\"h57pkjs\" data-element_type=\"column\">\n\t\t\t<div class=\"elementor-widget-wrap elementor-element-populated\">\n\t\t\t\t\t\t\t\t<div class=\"elementor-element elementor-element-ca16udp elementor-widget elementor-widget-text-editor\" data-id=\"ca16udp\" data-element_type=\"widget\" data-widget_type=\"text-editor.default\">\n\t\t\t\t<div class=\"elementor-widget-container\">\n\t\t\t\t\t\t\t<p><span style=\"font-size: 36pt; color: #000000;\"><strong>Kristiina Ruben<\/strong><\/span><\/p>\t\t\t\t\t\t<\/div>\n\t\t\t\t<\/div>\n\t\t\t\t<div class=\"elementor-element elementor-element-hkk5k1v elementor-widget elementor-widget-text-editor\" data-id=\"hkk5k1v\" data-element_type=\"widget\" data-widget_type=\"text-editor.default\">\n\t\t\t\t<div class=\"elementor-widget-container\">\n\t\t\t\t\t\t\t<p><strong><span style=\"color: #993366;\">Haridusk\u00e4ik<\/span><\/strong><\/p><hr \/><p>\u00a0<\/p><p><span style=\"font-size: 14pt;\"><b>Kutseharidus:<\/b> 2015-2017\u00a0<strong>Eesti iluteeinduse erakool<\/strong>\u00a0eriala: Juuksur<\/span><\/p><p><span style=\"font-size: 14pt;\"><b>K\u00f5rgharidus:<\/b> 2007-2011 <b>Euroakadeemia\u00a0<\/b>&#8211; Bakalaureusekraad &#8211; eriala: sisearhitektuur (sisekujunduskunst), lisaeriala: konsultant<\/span><\/p><p><span style=\"font-size: 14pt;\"><b>Keskharidus:<\/b>\u00a02004-2007 <b>Paldiski G\u00fcmnaasium\u00a0<\/b><\/span><\/p><p><span style=\"font-size: 14pt;\"><b>P\u00f5hiharidus: 1999-2004 Vasalemma P\u00f5hikool\u00a0<\/b><\/span><\/p><p><span style=\"font-size: 14pt;\"><b>Algharidus: 1995-1999 Lehola lasteaed-algkool\u00a0<\/b><\/span><\/p><p>\u00a0<\/p>\t\t\t\t\t\t<\/div>\n\t\t\t\t<\/div>\n\t\t\t\t<div class=\"elementor-element elementor-element-1s1b5ev elementor-widget elementor-widget-text-editor\" data-id=\"1s1b5ev\" data-element_type=\"widget\" data-widget_type=\"text-editor.default\">\n\t\t\t\t<div class=\"elementor-widget-container\">\n\t\t\t\t\t\t\t<p><strong><span style=\"color: #993366;\">T\u00f6\u00f6kogemus<\/span><\/strong><\/p><hr \/><p>\u00a0<\/p>\t\t\t\t\t\t<\/div>\n\t\t\t\t<\/div>\n\t\t\t\t<div class=\"elementor-element elementor-element-s4lezz7 elementor-widget elementor-widget-text-editor\" data-id=\"s4lezz7\" data-element_type=\"widget\" data-widget_type=\"text-editor.default\">\n\t\t\t\t<div class=\"elementor-widget-container\">\n\t\t\t\t\t\t\t<p>2017-ks aastaks on t\u00f6\u00f6kogemust kokku 11 aastat. Suurem osa sellest toitlustuse ja klienditeeninduse valdkonnas, kuid olen t\u00f6\u00f6tanud ka liinit\u00f6\u00f6lise ja pakkijana. Vabakutselisena tegelen pidulike \u00fcrituste ja pulmade dekoreerimisega. Oma t\u00f6\u00f6 aastate jooksul olen avastanud enda kohta seda, et: mulle meeldib kui asjad on s\u00fcsteemsed ja lihtsasti leitavalt paigutatud, igal asjal on oma koht, t\u00f6\u00f6pinnad peavad olema korras ja ma naudin inventuuride tegemist.<\/p><p><strong>Huvitavamad t\u00f6\u00f6kogemused<\/strong><\/p><p>&#8211;<strong>2007-2009 Catering Servise <\/strong>Sellest ajast p\u00e4rineb mu armastus cateringi t\u00f6\u00f6 vastu.<\/p><p><strong>-2013-2014 O\u00dc Starmarker Restoran Estlander<\/strong> (Olde Hansa t\u00fctarrestoan)- kokk<br \/> Pean seda t\u00f6\u00f6kogemust \u00fcheks verstapostiks oma t\u00f6\u00f6kogemuste seas, sest sain Estlanderi kokaks tutvuse kaudu ilma eelnevalt koka ametit \u00f5ppimata. Mis \u00f5petas mulle, et kui piisavalt tahta ja vaeva n\u00e4ha, on v\u00f5imalik ka uute asjadega hakkama saada. Enne kokaks saamist olin t\u00f6\u00f6tanud Olde Hansas juba 3 aastat n\u00f5udepesija ja koristajana. Seega Estlanderi \u00a0k\u00f6\u00f6gijuht teadis kuidas ma t\u00f6\u00f6d teen ja otsustas mulle v\u00f5imaluse anda. L\u00f5puks olin kokkadest ainus, kes avamise p\u00e4evast sulgemise p\u00e4evaini seal k\u00f6\u00f6gis t\u00f6\u00f6l oli. Saades pooleteise aasta jooksul vahetusevanemaks ja uue k\u00f6\u00f6gijuhi abiks. \u00d5petasin v\u00e4lja uusi kokkasi ja tegin t\u00f6\u00f6graafikuid. Otseloomulikult armastasin seal inventuure ja korda enda \u00fcmber. Sealsed teenindajad kinkisid mulle s\u00fcnnip\u00e4evaks pildiraami vahele pandud ilusad kirjutised minu kohta. Ja minu kohta \u00f6eldi, et ma olin nagu vahel\u00fcli teenindajate ja kokkade vahel, et tekitada \u00fchtset t\u00f6\u00f6peret \ud83d\ude42\u00a0Seal sai proovile pandud ka minu pingetaluvus, Aga see oli selline t\u00f6\u00f6koht, millele vaatan tagasi naeratades ja natukene igatseva pilguga.<\/p><p><strong>-2015 O\u00dc Von Ramm (Padise M\u00f5is<\/strong>) -klienditeenindaja<br \/> Padise m\u00f5is on ilus restaureeritud m\u00f5is Padise vallas. Seal t\u00f6\u00f6tades seisin vastu oma kahe hirmuga. Olgugi, et olin varem cateringis t\u00f6\u00f6tanud, kartsin otsest kontakti klientidega ja rahaga arveldamist. Aga m\u00f5isa restoranis on need kaks asja paratamatud. Ja tegelikult sain m\u00f5lemaga hakkama.<\/p><p>Seal t\u00f6\u00f6tades sain olla v\u00e4ike osa \u00fchest teleprojektist. &#8220;Minu imeline muutumine&#8221; Padise m\u00f5isas filmiti selle saate l\u00f5pu tseremooniad ja sain olla see inimene, kes kardinat eest t\u00f5mbab, ust avab ja tubadesse juhatab. Ma olen piisavalt edev, et mulle selline asi \u00a0meeldiks. Huvitav oli n\u00e4ha ka saate tegemise telgitagustesse.\u00a0<\/p><p><strong>-2015 aasta l\u00f5pus l\u00e4ksin tagasi Cateringi<\/strong> . <strong>RT Cervisesse.<\/strong><br \/>T\u00e4nu sellele t\u00f6\u00f6le olen k\u00e4inud kohtades, kuhu ma t\u00f5en\u00e4oliselt tavaliselt ei satuks: K\u00f5ltsu m\u00f5is, Poska maja, Tartu k\u00f5rgem s\u00f5jakool jt. Olen saanud palju kujundusideid erinevatelt \u00fcritustelt. Ning see on amet. mis n\u00f5uab korda ja korrektsust.<\/p><p><strong>-2010 aastast alates olen olnud Avatud Piibli\u00fchingu vabatahtlik,<\/strong> kus olen laste- ja noortelaagrite korraldustiimis. Selle 7 aasta jooksul olen enda kohta v\u00e4ga palju teada saanud. Olen avastanud oma tugevusi ja n\u00f5rkusi ning saanud nendega tegeleda. Igas laagris on erinev tiim, kuhu kogunevad erineva iseloomuga inimesed, mis \u00f5petab erinevate inimestega sama eesm\u00e4rgi nimel koost\u00f6\u00f6d tegema. Olen olnud \u00fche korra ka kaaslaagrijuht, mis t\u00e4hendas kogu asja haldamist ja vastutamist.<\/p>\t\t\t\t\t\t<\/div>\n\t\t\t\t<\/div>\n\t\t\t\t<div class=\"elementor-element elementor-element-8rf46i8 elementor-widget elementor-widget-text-editor\" data-id=\"8rf46i8\" data-element_type=\"widget\" data-widget_type=\"text-editor.default\">\n\t\t\t\t<div class=\"elementor-widget-container\">\n\t\t\t\t\t\t\t<p>\u00a0<\/p><p><strong><span style=\"color: #993366;\">Keeled<\/span><\/strong><\/p><hr \/><p>\u00a0<\/p>\t\t\t\t\t\t<\/div>\n\t\t\t\t<\/div>\n\t\t\t\t<section class=\"elementor-section elementor-inner-section elementor-element elementor-element-d8b3uan elementor-section-boxed elementor-section-height-default elementor-section-height-default\" data-id=\"d8b3uan\" data-element_type=\"section\">\n\t\t\t\t\t\t<div class=\"elementor-container elementor-column-gap-default\">\n\t\t\t\t\t<div class=\"elementor-column elementor-col-25 elementor-inner-column elementor-element elementor-element-d9ae6yw\" data-id=\"d9ae6yw\" data-element_type=\"column\">\n\t\t\t<div class=\"elementor-widget-wrap elementor-element-populated\">\n\t\t\t\t\t\t\t\t<div class=\"elementor-element elementor-element-qng81ud elementor-widget elementor-widget-text-editor\" data-id=\"qng81ud\" data-element_type=\"widget\" data-widget_type=\"text-editor.default\">\n\t\t\t\t<div class=\"elementor-widget-container\">\n\t\t\t\t\t\t\t<p>Keel<\/p><p>Eesti<\/p><p>Inglise<\/p><p>Vene<\/p><p>Hispaania<\/p><p>Prantsuse<\/p>\t\t\t\t\t\t<\/div>\n\t\t\t\t<\/div>\n\t\t\t\t\t<\/div>\n\t\t<\/div>\n\t\t\t\t<div class=\"elementor-column elementor-col-25 elementor-inner-column elementor-element elementor-element-2mp3mru\" data-id=\"2mp3mru\" data-element_type=\"column\">\n\t\t\t<div class=\"elementor-widget-wrap elementor-element-populated\">\n\t\t\t\t\t\t\t\t<div class=\"elementor-element elementor-element-g5f76e8 elementor-widget elementor-widget-text-editor\" data-id=\"g5f76e8\" data-element_type=\"widget\" data-widget_type=\"text-editor.default\">\n\t\t\t\t<div class=\"elementor-widget-container\">\n\t\t\t\t\t\t\t<p>Arusaamine<\/p><p>100%<\/p><p>90%<\/p><p>70%<\/p><p>60%<\/p><p>20%<\/p>\t\t\t\t\t\t<\/div>\n\t\t\t\t<\/div>\n\t\t\t\t\t<\/div>\n\t\t<\/div>\n\t\t\t\t<div class=\"elementor-column elementor-col-25 elementor-inner-column elementor-element elementor-element-tpqzxa4\" data-id=\"tpqzxa4\" data-element_type=\"column\">\n\t\t\t<div class=\"elementor-widget-wrap elementor-element-populated\">\n\t\t\t\t\t\t\t\t<div class=\"elementor-element elementor-element-24j652s elementor-widget elementor-widget-text-editor\" data-id=\"24j652s\" data-element_type=\"widget\" data-widget_type=\"text-editor.default\">\n\t\t\t\t<div class=\"elementor-widget-container\">\n\t\t\t\t\t\t\t<p>R\u00e4\u00e4kimine<\/p><p>100%<\/p><p>90%<\/p><p>40%<\/p><p>30%<\/p><p>20%<\/p>\t\t\t\t\t\t<\/div>\n\t\t\t\t<\/div>\n\t\t\t\t\t<\/div>\n\t\t<\/div>\n\t\t\t\t<div class=\"elementor-column elementor-col-25 elementor-inner-column elementor-element elementor-element-i9idjn4\" data-id=\"i9idjn4\" data-element_type=\"column\">\n\t\t\t<div class=\"elementor-widget-wrap elementor-element-populated\">\n\t\t\t\t\t\t\t\t<div class=\"elementor-element elementor-element-8k12bp9 elementor-widget elementor-widget-text-editor\" data-id=\"8k12bp9\" data-element_type=\"widget\" data-widget_type=\"text-editor.default\">\n\t\t\t\t<div class=\"elementor-widget-container\">\n\t\t\t\t\t\t\t<p>Kirjutamine<\/p><p>90%<\/p><p>70%<\/p><p>30%<\/p><p>30%<\/p><p>20%<\/p>\t\t\t\t\t\t<\/div>\n\t\t\t\t<\/div>\n\t\t\t\t\t<\/div>\n\t\t<\/div>\n\t\t\t\t\t\t\t<\/div>\n\t\t<\/section>\n\t\t\t\t<div class=\"elementor-element elementor-element-wfpl3w4 elementor-widget elementor-widget-text-editor\" data-id=\"wfpl3w4\" data-element_type=\"widget\" data-widget_type=\"text-editor.default\">\n\t\t\t\t<div class=\"elementor-widget-container\">\n\t\t\t\t\t\t\t<p>\u00a0<\/p><p><span style=\"color: #993366;\"><strong>Saidid<\/strong><\/span><\/p><hr \/><p>\u00a0<\/p>\t\t\t\t\t\t<\/div>\n\t\t\t\t<\/div>\n\t\t\t\t<div class=\"elementor-element elementor-element-357hgin elementor-widget elementor-widget-text-editor\" data-id=\"357hgin\" data-element_type=\"widget\" data-widget_type=\"text-editor.default\">\n\t\t\t\t<div class=\"elementor-widget-container\">\n\t\t\t\t\t\t\t<p><a href=\"https:\/\/www.facebook.com\/KrissuKunstinurk\">https:\/\/www.facebook.com\/KrissuKunstinurk<\/a><\/p><p><a href=\"https:\/\/www.facebook.com\/PeodKauniks\/\">https:\/\/www.facebook.com\/PeodKauniks\/<\/a><\/p>\t\t\t\t\t\t<\/div>\n\t\t\t\t<\/div>\n\t\t\t\t<div class=\"elementor-element elementor-element-cktpl0g elementor-widget elementor-widget-text-editor\" data-id=\"cktpl0g\" data-element_type=\"widget\" data-widget_type=\"text-editor.default\">\n\t\t\t\t<div class=\"elementor-widget-container\">\n\t\t\t\t\t\t\t<p>\u00a0<\/p><p><strong><span style=\"color: #993366;\">Armastan<\/span><\/strong><\/p><hr \/><p>\u00a0<\/p>\t\t\t\t\t\t<\/div>\n\t\t\t\t<\/div>\n\t\t\t\t<div class=\"elementor-element elementor-element-s52fe87 elementor-widget elementor-widget-image\" data-id=\"s52fe87\" data-element_type=\"widget\" data-widget_type=\"image.default\">\n\t\t\t\t<div class=\"elementor-widget-container\">\n\t\t\t\t\t\t\t\t\t\t\t\t\t\t\t<img decoding=\"async\" width=\"3000\" height=\"282\" src=\"https:\/\/krissuarts.com\/wp-content\/uploads\/2017\/05\/PicMonkey-Collage.jpg\" class=\"attachment-full size-full wp-image-490\" alt=\"\" loading=\"lazy\" srcset=\"https:\/\/krissuarts.com\/wp-content\/uploads\/2017\/05\/PicMonkey-Collage.jpg 3000w, https:\/\/krissuarts.com\/wp-content\/uploads\/2017\/05\/PicMonkey-Collage-300x28.jpg 300w, https:\/\/krissuarts.com\/wp-content\/uploads\/2017\/05\/PicMonkey-Collage-768x72.jpg 768w, https:\/\/krissuarts.com\/wp-content\/uploads\/2017\/05\/PicMonkey-Collage-1024x96.jpg 1024w, https:\/\/krissuarts.com\/wp-content\/uploads\/2017\/05\/PicMonkey-Collage-750x71.jpg 750w\" sizes=\"(max-width: 3000px) 100vw, 3000px\" \/>\t\t\t\t\t\t\t\t\t\t\t\t\t\t\t<\/div>\n\t\t\t\t<\/div>\n\t\t\t\t\t<\/div>\n\t\t<\/div>\n\t\t\t\t\t\t\t<\/div>\n\t\t<\/section>\n\t\t\t\t<section class=\"elementor-section elementor-top-section elementor-element elementor-element-5oxdpsm elementor-section-boxed elementor-section-height-default elementor-section-height-default\" data-id=\"5oxdpsm\" data-element_type=\"section\">\n\t\t\t\t\t\t<div class=\"elementor-container elementor-column-gap-default\">\n\t\t\t\t\t<div class=\"elementor-column elementor-col-100 elementor-top-column elementor-element elementor-element-qp564ww\" data-id=\"qp564ww\" data-element_type=\"column\">\n\t\t\t<div class=\"elementor-widget-wrap elementor-element-populated\">\n\t\t\t\t\t\t\t\t<div class=\"elementor-element elementor-element-g92fm4a elementor-widget elementor-widget-text-editor\" data-id=\"g92fm4a\" data-element_type=\"widget\" data-widget_type=\"text-editor.default\">\n\t\t\t\t<div class=\"elementor-widget-container\">\n\t\t\t\t\t\t\t<p>[adzbuzzer]<\/p>\t\t\t\t\t\t<\/div>\n\t\t\t\t<\/div>\n\t\t\t\t\t<\/div>\n\t\t<\/div>\n\t\t\t\t\t\t\t<\/div>\n\t\t<\/section>\n\t\t\t\t\t\t\t<\/div>\n\t\t","protected":false},"excerpt":{"rendered":"<p>Minu lemmik aastaaeg on s\u00fcgis. Oma v\u00e4rvide iluga suudab see aastaaeg tuua minusse r\u00f5\u00f5mu ja rahu. Sama v\u00f5in \u00f6elda ka k\u00fc\u00fcnlaleegi v\u00f5i t\u00e4histaeva vaatamise kohta. Tunnen suurt r\u00f5\u00f5mu pisikestest asjadest, mida paljud peaksid t\u00e4htsusetuteks. Vahel v\u00f5ib selleks olla kingituse paber, v\u00f5i eriliselt seotud takun\u00f6\u00f6r selle \u00fcmber. Mulle meeldib tuua r\u00f5\u00f5mu ja \u00f5nne nende inimeste eludesse, &hellip;<\/p>\n<p class=\"read-more\"> <a class=\"\" href=\"https:\/\/krissuarts.com\/index.php\/me\/\"> <span class=\"screen-reader-text\">Mina<\/span> Read More &raquo;<\/a><\/p>\n","protected":false},"author":1,"featured_media":0,"parent":0,"menu_order":0,"comment_status":"closed","ping_status":"closed","template":"","meta":{"site-sidebar-layout":"default","site-content-layout":"","ast-site-content-layout":"","site-content-style":"default","site-sidebar-style":"default","ast-global-header-display":"","ast-banner-title-visibility":"","ast-main-header-display":"","ast-hfb-above-header-display":"","ast-hfb-below-header-display":"","ast-hfb-mobile-header-display":"","site-post-title":"","ast-breadcrumbs-content":"","ast-featured-img":"","footer-sml-layout":"","theme-transparent-header-meta":"","adv-header-id-meta":"","stick-header-meta":"","header-above-stick-meta":"","header-main-stick-meta":"","header-below-stick-meta":"","astra-migrate-meta-layouts":""},"yoast_head":"<!-- This site is optimized with the Yoast SEO plugin v21.3 - https:\/\/yoast.com\/wordpress\/plugins\/seo\/ -->\n<title>Mina - KriSSu BlogI<\/title>\n<meta name=\"robots\" content=\"index, follow, max-snippet:-1, max-image-preview:large, max-video-preview:-1\" \/>\n<link rel=\"canonical\" href=\"https:\/\/krissuarts.com\/index.php\/me\/\" \/>\n<meta property=\"og:locale\" content=\"en_US\" \/>\n<meta property=\"og:type\" content=\"article\" \/>\n<meta property=\"og:title\" content=\"Mina - KriSSu BlogI\" \/>\n<meta property=\"og:description\" content=\"Minu lemmik aastaaeg on s\u00fcgis. Oma v\u00e4rvide iluga suudab see aastaaeg tuua minusse r\u00f5\u00f5mu ja rahu. Sama v\u00f5in \u00f6elda ka k\u00fc\u00fcnlaleegi v\u00f5i t\u00e4histaeva vaatamise kohta. Tunnen suurt r\u00f5\u00f5mu pisikestest asjadest, mida paljud peaksid t\u00e4htsusetuteks. Vahel v\u00f5ib selleks olla kingituse paber, v\u00f5i eriliselt seotud takun\u00f6\u00f6r selle \u00fcmber. Mulle meeldib tuua r\u00f5\u00f5mu ja \u00f5nne nende inimeste eludesse, &hellip; Mina Read More &raquo;\" \/>\n<meta property=\"og:url\" content=\"https:\/\/krissuarts.com\/index.php\/me\/\" \/>\n<meta property=\"og:site_name\" content=\"KriSSu BlogI\" \/>\n<meta property=\"article:modified_time\" content=\"2017-09-26T08:22:27+00:00\" \/>\n<meta property=\"og:image\" content=\"https:\/\/krissuarts.com\/wp-content\/uploads\/2017\/05\/PicMonkey-Collage.jpg\" \/>\n<meta name=\"twitter:card\" content=\"summary_large_image\" \/>\n<meta name=\"twitter:label1\" content=\"Est. reading time\" \/>\n\t<meta name=\"twitter:data1\" content=\"5 minutes\" \/>\n<script type=\"application\/ld+json\" class=\"yoast-schema-graph\">{\"@context\":\"https:\/\/schema.org\",\"@graph\":[{\"@type\":\"WebPage\",\"@id\":\"https:\/\/krissuarts.com\/index.php\/me\/\",\"url\":\"https:\/\/krissuarts.com\/index.php\/me\/\",\"name\":\"Mina - KriSSu BlogI\",\"isPartOf\":{\"@id\":\"https:\/\/krissuarts.com\/#website\"},\"datePublished\":\"2017-05-07T14:28:38+00:00\",\"dateModified\":\"2017-09-26T08:22:27+00:00\",\"breadcrumb\":{\"@id\":\"https:\/\/krissuarts.com\/index.php\/me\/#breadcrumb\"},\"inLanguage\":\"en-US\",\"potentialAction\":[{\"@type\":\"ReadAction\",\"target\":[\"https:\/\/krissuarts.com\/index.php\/me\/\"]}]},{\"@type\":\"BreadcrumbList\",\"@id\":\"https:\/\/krissuarts.com\/index.php\/me\/#breadcrumb\",\"itemListElement\":[{\"@type\":\"ListItem\",\"position\":1,\"name\":\"Home\",\"item\":\"https:\/\/krissuarts.com\/\"},{\"@type\":\"ListItem\",\"position\":2,\"name\":\"Mina\"}]},{\"@type\":\"WebSite\",\"@id\":\"https:\/\/krissuarts.com\/#website\",\"url\":\"https:\/\/krissuarts.com\/\",\"name\":\"KriSSu BlogI\",\"description\":\"\",\"potentialAction\":[{\"@type\":\"SearchAction\",\"target\":{\"@type\":\"EntryPoint\",\"urlTemplate\":\"https:\/\/krissuarts.com\/?s={search_term_string}\"},\"query-input\":\"required name=search_term_string\"}],\"inLanguage\":\"en-US\"}]}<\/script>\n<!-- \/ Yoast SEO plugin. -->","yoast_head_json":{"title":"Mina - KriSSu BlogI","robots":{"index":"index","follow":"follow","max-snippet":"max-snippet:-1","max-image-preview":"max-image-preview:large","max-video-preview":"max-video-preview:-1"},"canonical":"https:\/\/krissuarts.com\/index.php\/me\/","og_locale":"en_US","og_type":"article","og_title":"Mina - KriSSu BlogI","og_description":"Minu lemmik aastaaeg on s\u00fcgis. Oma v\u00e4rvide iluga suudab see aastaaeg tuua minusse r\u00f5\u00f5mu ja rahu. Sama v\u00f5in \u00f6elda ka k\u00fc\u00fcnlaleegi v\u00f5i t\u00e4histaeva vaatamise kohta. Tunnen suurt r\u00f5\u00f5mu pisikestest asjadest, mida paljud peaksid t\u00e4htsusetuteks. Vahel v\u00f5ib selleks olla kingituse paber, v\u00f5i eriliselt seotud takun\u00f6\u00f6r selle \u00fcmber. Mulle meeldib tuua r\u00f5\u00f5mu ja \u00f5nne nende inimeste eludesse, &hellip; Mina Read More &raquo;","og_url":"https:\/\/krissuarts.com\/index.php\/me\/","og_site_name":"KriSSu BlogI","article_modified_time":"2017-09-26T08:22:27+00:00","og_image":[{"url":"https:\/\/krissuarts.com\/wp-content\/uploads\/2017\/05\/PicMonkey-Collage.jpg"}],"twitter_card":"summary_large_image","twitter_misc":{"Est. reading time":"5 minutes"},"schema":{"@context":"https:\/\/schema.org","@graph":[{"@type":"WebPage","@id":"https:\/\/krissuarts.com\/index.php\/me\/","url":"https:\/\/krissuarts.com\/index.php\/me\/","name":"Mina - KriSSu BlogI","isPartOf":{"@id":"https:\/\/krissuarts.com\/#website"},"datePublished":"2017-05-07T14:28:38+00:00","dateModified":"2017-09-26T08:22:27+00:00","breadcrumb":{"@id":"https:\/\/krissuarts.com\/index.php\/me\/#breadcrumb"},"inLanguage":"en-US","potentialAction":[{"@type":"ReadAction","target":["https:\/\/krissuarts.com\/index.php\/me\/"]}]},{"@type":"BreadcrumbList","@id":"https:\/\/krissuarts.com\/index.php\/me\/#breadcrumb","itemListElement":[{"@type":"ListItem","position":1,"name":"Home","item":"https:\/\/krissuarts.com\/"},{"@type":"ListItem","position":2,"name":"Mina"}]},{"@type":"WebSite","@id":"https:\/\/krissuarts.com\/#website","url":"https:\/\/krissuarts.com\/","name":"KriSSu BlogI","description":"","potentialAction":[{"@type":"SearchAction","target":{"@type":"EntryPoint","urlTemplate":"https:\/\/krissuarts.com\/?s={search_term_string}"},"query-input":"required name=search_term_string"}],"inLanguage":"en-US"}]}},"_links":{"self":[{"href":"https:\/\/krissuarts.com\/index.php\/wp-json\/wp\/v2\/pages\/2"}],"collection":[{"href":"https:\/\/krissuarts.com\/index.php\/wp-json\/wp\/v2\/pages"}],"about":[{"href":"https:\/\/krissuarts.com\/index.php\/wp-json\/wp\/v2\/types\/page"}],"author":[{"embeddable":true,"href":"https:\/\/krissuarts.com\/index.php\/wp-json\/wp\/v2\/users\/1"}],"replies":[{"embeddable":true,"href":"https:\/\/krissuarts.com\/index.php\/wp-json\/wp\/v2\/comments?post=2"}],"version-history":[{"count":5,"href":"https:\/\/krissuarts.com\/index.php\/wp-json\/wp\/v2\/pages\/2\/revisions"}],"predecessor-version":[{"id":534,"href":"https:\/\/krissuarts.com\/index.php\/wp-json\/wp\/v2\/pages\/2\/revisions\/534"}],"wp:attachment":[{"href":"https:\/\/krissuarts.com\/index.php\/wp-json\/wp\/v2\/media?parent=2"}],"curies":[{"name":"wp","href":"https:\/\/api.w.org\/{rel}","templated":true}]}}