{"id":170,"date":"2017-06-01T20:27:42","date_gmt":"2017-06-01T20:27:42","guid":{"rendered":"http:\/\/krissublog.com\/?page_id=170"},"modified":"2017-08-06T09:04:55","modified_gmt":"2017-08-06T09:04:55","slug":"blogi","status":"publish","type":"page","link":"https:\/\/krissuarts.com\/index.php\/blogi\/","title":{"rendered":"Blogi"},"content":{"rendered":"<p>See on lehek\u00fclg kuhu ma hakkan lisama teemasi mis on mul parajasti s\u00fcdamel. Elust, tunnetest, m\u00f5tteteradest ja muust, millest tunnen, et tahaksin kirjutada, aga mis teistesse kategooriatesse ei sobi. Teemad mis tekitavad minus emotsiooni, mille p\u00e4rast olen mures, v\u00f5i mida tahaksin muuta. lisan ka varem kirjutatud jutukesi ja muud.<\/p>\n","protected":false},"excerpt":{"rendered":"<p>See on lehek\u00fclg kuhu ma hakkan lisama teemasi mis on mul parajasti s\u00fcdamel. Elust, tunnetest, m\u00f5tteteradest ja muust, millest tunnen, et tahaksin kirjutada, aga mis teistesse kategooriatesse ei sobi. Teemad mis tekitavad minus emotsiooni, mille p\u00e4rast olen mures, v\u00f5i mida tahaksin muuta. lisan ka varem kirjutatud jutukesi ja muud.<\/p>\n","protected":false},"author":1,"featured_media":0,"parent":0,"menu_order":0,"comment_status":"closed","ping_status":"closed","template":"","meta":{"site-sidebar-layout":"default","site-content-layout":"","ast-site-content-layout":"","site-content-style":"default","site-sidebar-style":"default","ast-global-header-display":"","ast-banner-title-visibility":"","ast-main-header-display":"","ast-hfb-above-header-display":"","ast-hfb-below-header-display":"","ast-hfb-mobile-header-display":"","site-post-title":"","ast-breadcrumbs-content":"","ast-featured-img":"","footer-sml-layout":"","theme-transparent-header-meta":"","adv-header-id-meta":"","stick-header-meta":"","header-above-stick-meta":"","header-main-stick-meta":"","header-below-stick-meta":"","astra-migrate-meta-layouts":""},"yoast_head":"<!-- This site is optimized with the Yoast SEO plugin v21.3 - https:\/\/yoast.com\/wordpress\/plugins\/seo\/ -->\n<title>Blogi - KriSSu BlogI<\/title>\n<meta name=\"robots\" content=\"index, follow, max-snippet:-1, max-image-preview:large, max-video-preview:-1\" \/>\n<link rel=\"canonical\" href=\"https:\/\/krissuarts.com\/index.php\/blogi\/\" \/>\n<meta property=\"og:locale\" content=\"en_US\" \/>\n<meta property=\"og:type\" content=\"article\" \/>\n<meta property=\"og:title\" content=\"Blogi - KriSSu BlogI\" \/>\n<meta property=\"og:description\" content=\"See on lehek\u00fclg kuhu ma hakkan lisama teemasi mis on mul parajasti s\u00fcdamel. Elust, tunnetest, m\u00f5tteteradest ja muust, millest tunnen, et tahaksin kirjutada, aga mis teistesse kategooriatesse ei sobi. Teemad mis tekitavad minus emotsiooni, mille p\u00e4rast olen mures, v\u00f5i mida tahaksin muuta. lisan ka varem kirjutatud jutukesi ja muud.\" \/>\n<meta property=\"og:url\" content=\"https:\/\/krissuarts.com\/index.php\/blogi\/\" \/>\n<meta property=\"og:site_name\" content=\"KriSSu BlogI\" \/>\n<meta property=\"article:modified_time\" content=\"2017-08-06T09:04:55+00:00\" \/>\n<meta name=\"twitter:card\" content=\"summary_large_image\" \/>\n<script type=\"application\/ld+json\" class=\"yoast-schema-graph\">{\"@context\":\"https:\/\/schema.org\",\"@graph\":[{\"@type\":\"WebPage\",\"@id\":\"https:\/\/krissuarts.com\/index.php\/blogi\/\",\"url\":\"https:\/\/krissuarts.com\/index.php\/blogi\/\",\"name\":\"Blogi - KriSSu BlogI\",\"isPartOf\":{\"@id\":\"https:\/\/krissuarts.com\/#website\"},\"datePublished\":\"2017-06-01T20:27:42+00:00\",\"dateModified\":\"2017-08-06T09:04:55+00:00\",\"breadcrumb\":{\"@id\":\"https:\/\/krissuarts.com\/index.php\/blogi\/#breadcrumb\"},\"inLanguage\":\"en-US\",\"potentialAction\":[{\"@type\":\"ReadAction\",\"target\":[\"https:\/\/krissuarts.com\/index.php\/blogi\/\"]}]},{\"@type\":\"BreadcrumbList\",\"@id\":\"https:\/\/krissuarts.com\/index.php\/blogi\/#breadcrumb\",\"itemListElement\":[{\"@type\":\"ListItem\",\"position\":1,\"name\":\"Home\",\"item\":\"https:\/\/krissuarts.com\/\"},{\"@type\":\"ListItem\",\"position\":2,\"name\":\"Blogi\"}]},{\"@type\":\"WebSite\",\"@id\":\"https:\/\/krissuarts.com\/#website\",\"url\":\"https:\/\/krissuarts.com\/\",\"name\":\"KriSSu BlogI\",\"description\":\"\",\"potentialAction\":[{\"@type\":\"SearchAction\",\"target\":{\"@type\":\"EntryPoint\",\"urlTemplate\":\"https:\/\/krissuarts.com\/?s={search_term_string}\"},\"query-input\":\"required name=search_term_string\"}],\"inLanguage\":\"en-US\"}]}<\/script>\n<!-- \/ Yoast SEO plugin. -->","yoast_head_json":{"title":"Blogi - KriSSu BlogI","robots":{"index":"index","follow":"follow","max-snippet":"max-snippet:-1","max-image-preview":"max-image-preview:large","max-video-preview":"max-video-preview:-1"},"canonical":"https:\/\/krissuarts.com\/index.php\/blogi\/","og_locale":"en_US","og_type":"article","og_title":"Blogi - KriSSu BlogI","og_description":"See on lehek\u00fclg kuhu ma hakkan lisama teemasi mis on mul parajasti s\u00fcdamel. Elust, tunnetest, m\u00f5tteteradest ja muust, millest tunnen, et tahaksin kirjutada, aga mis teistesse kategooriatesse ei sobi. Teemad mis tekitavad minus emotsiooni, mille p\u00e4rast olen mures, v\u00f5i mida tahaksin muuta. lisan ka varem kirjutatud jutukesi ja muud.","og_url":"https:\/\/krissuarts.com\/index.php\/blogi\/","og_site_name":"KriSSu BlogI","article_modified_time":"2017-08-06T09:04:55+00:00","twitter_card":"summary_large_image","schema":{"@context":"https:\/\/schema.org","@graph":[{"@type":"WebPage","@id":"https:\/\/krissuarts.com\/index.php\/blogi\/","url":"https:\/\/krissuarts.com\/index.php\/blogi\/","name":"Blogi - KriSSu BlogI","isPartOf":{"@id":"https:\/\/krissuarts.com\/#website"},"datePublished":"2017-06-01T20:27:42+00:00","dateModified":"2017-08-06T09:04:55+00:00","breadcrumb":{"@id":"https:\/\/krissuarts.com\/index.php\/blogi\/#breadcrumb"},"inLanguage":"en-US","potentialAction":[{"@type":"ReadAction","target":["https:\/\/krissuarts.com\/index.php\/blogi\/"]}]},{"@type":"BreadcrumbList","@id":"https:\/\/krissuarts.com\/index.php\/blogi\/#breadcrumb","itemListElement":[{"@type":"ListItem","position":1,"name":"Home","item":"https:\/\/krissuarts.com\/"},{"@type":"ListItem","position":2,"name":"Blogi"}]},{"@type":"WebSite","@id":"https:\/\/krissuarts.com\/#website","url":"https:\/\/krissuarts.com\/","name":"KriSSu BlogI","description":"","potentialAction":[{"@type":"SearchAction","target":{"@type":"EntryPoint","urlTemplate":"https:\/\/krissuarts.com\/?s={search_term_string}"},"query-input":"required name=search_term_string"}],"inLanguage":"en-US"}]}},"_links":{"self":[{"href":"https:\/\/krissuarts.com\/index.php\/wp-json\/wp\/v2\/pages\/170"}],"collection":[{"href":"https:\/\/krissuarts.com\/index.php\/wp-json\/wp\/v2\/pages"}],"about":[{"href":"https:\/\/krissuarts.com\/index.php\/wp-json\/wp\/v2\/types\/page"}],"author":[{"embeddable":true,"href":"https:\/\/krissuarts.com\/index.php\/wp-json\/wp\/v2\/users\/1"}],"replies":[{"embeddable":true,"href":"https:\/\/krissuarts.com\/index.php\/wp-json\/wp\/v2\/comments?post=170"}],"version-history":[{"count":5,"href":"https:\/\/krissuarts.com\/index.php\/wp-json\/wp\/v2\/pages\/170\/revisions"}],"predecessor-version":[{"id":953,"href":"https:\/\/krissuarts.com\/index.php\/wp-json\/wp\/v2\/pages\/170\/revisions\/953"}],"wp:attachment":[{"href":"https:\/\/krissuarts.com\/index.php\/wp-json\/wp\/v2\/media?parent=170"}],"curies":[{"name":"wp","href":"https:\/\/api.w.org\/{rel}","templated":true}]}}